{"id":2319,"date":"2024-09-19T11:09:22","date_gmt":"2024-09-19T11:09:22","guid":{"rendered":"https:\/\/dyatwp.wowtheme7.com\/?page_id=8"},"modified":"2025-11-04T09:14:45","modified_gmt":"2025-11-04T09:14:45","slug":"home-one","status":"publish","type":"page","link":"https:\/\/bahisforum.net\/","title":{"rendered":"Ana Sayfa"},"content":{"rendered":"\t\t<div data-elementor-type=\"wp-page\" data-elementor-id=\"2319\" class=\"elementor elementor-2319\" data-elementor-post-type=\"page\">\n\t\t\t\t<div class=\"elementor-element elementor-element-d0a0ff2 e-con-full e-flex e-con e-parent\" data-id=\"d0a0ff2\" data-element_type=\"container\">\n\t\t\t\t<div class=\"elementor-element elementor-element-7d3847b elementor-widget elementor-widget-dyat-theme-banner-one-widget\" data-id=\"7d3847b\" data-element_type=\"widget\" data-widget_type=\"dyat-theme-banner-one-widget.default\">\n\t\t\t\t<div class=\"elementor-widget-container\">\n\t\t\t\t\t\r\n\r\n \r\n    <div class=\"banner-area bg-relative banner-area-1\" style=\"background-image: url('https:\/\/dyatwp.wowtheme7.com\/wp-content\/uploads\/2024\/09\/3.png');\">\r\n                            <img decoding=\"async\" class=\"chain-style\" src=\"https:\/\/dyatwp.wowtheme7.com\/wp-content\/uploads\/2024\/09\/5.png\" alt=\"img\">\r\n                            <img decoding=\"async\" class=\"chain-style right-to-left-move\" src=\"https:\/\/dyatwp.wowtheme7.com\/wp-content\/uploads\/2024\/09\/5.png\" alt=\"img\">\r\n                    <div class=\"container\">\r\n                <div class=\"row\">\r\n                    <div class=\"col-lg-7\">\r\n                        <div class=\"banner-content\">\r\n                            <h1 class=\"title move-line-3d\">\r\n                                <span class=\"light\">\r\n                                                                            Salamis Bahis                                                                                                                <img decoding=\"async\" class=\"line-img\" src=\"https:\/\/dyatwp.wowtheme7.com\/wp-content\/uploads\/2024\/09\/4.png\" alt=\"img\">\r\n                                                                    <\/span>\r\n                                <span class=\"font-large\">\r\n                                                                            Resmi \r\n                                                                                                                <span class=\"color-base\">sponsor<\/span>\r\n                                                                    <\/span>\r\n                                                                    <span class=\"light\">En<\/span> \r\n                                                                                                    <span class=\"color-base\">\u00e7ok<\/span>\r\n                                                            <\/h1>\r\n                                                            <h4 class=\"sub-title split_chars\">kazand\u0131ran bahis sitesi<\/h4>\r\n                                                                                        <div class=\"btn-box d-inline-block fade-slide bottom\">\r\n                                    <a class=\"btn btn-main style-small\" href=\"https:\/\/www.salamisbahis497.com\/tr\/\">\r\n                                        <span>\r\n                                            <span>G\u00fcncel adres<\/span>\r\n                                        <\/span>\r\n                                    <\/a>\r\n                                <\/div>\r\n                                                        <div class=\"list-img fade-slide bottom\" data-delay=\"0.8\">\r\n                                                                    <img decoding=\"async\" src=\"https:\/\/bahisforum.net\/wp-content\/uploads\/2025\/11\/lSalamisBahiste-1.png\" alt=\"img\">\r\n                                                            <\/div>\r\n                        <\/div>\r\n                    <\/div>\r\n                    <div class=\"col-lg-5 mt-lg-0 mt-5\">\r\n                        <div class=\"banner-img text-lg-end top_image_bounce\">\r\n                                                            <img decoding=\"async\" src=\"https:\/\/bahisforum.net\/wp-content\/uploads\/2025\/11\/logo.png\" alt=\"img\">\r\n                                                                                        <img decoding=\"async\" class=\"shape-img  shapeBlinker_img\" src=\"https:\/\/dyatwp.wowtheme7.com\/wp-content\/uploads\/2024\/09\/6.png\" alt=\"img\">\r\n                                                                                        <img decoding=\"async\" class=\"shape-img-2 spin_image\" src=\"https:\/\/dyatwp.wowtheme7.com\/wp-content\/uploads\/2024\/09\/2-1.png\" alt=\"img\">\r\n                                                    <\/div>\r\n                    <\/div>\r\n                <\/div>\r\n            <\/div>\r\n        <\/div>\r\n\r\n        \t\t\t\t<\/div>\n\t\t\t\t<\/div>\n\t\t\t\t<\/div>\n\t\t<div class=\"elementor-element elementor-element-ed8ca9d e-flex e-con-boxed e-con e-parent\" data-id=\"ed8ca9d\" data-element_type=\"container\">\n\t\t\t\t\t<div class=\"e-con-inner\">\n\t\t<div class=\"elementor-element elementor-element-c820025 e-con-full e-flex e-con e-child\" data-id=\"c820025\" data-element_type=\"container\">\n\t\t\t\t<div class=\"elementor-element elementor-element-5f59507 elementor-widget elementor-widget-image\" data-id=\"5f59507\" data-element_type=\"widget\" data-widget_type=\"image.default\">\n\t\t\t\t\t\t\t\t\t\t\t\t\t\t\t\t<a href=\"https:\/\/www.salamisbahis497.com\/tr\/\" target=\"_blank\">\n\t\t\t\t\t\t\t<img fetchpriority=\"high\" decoding=\"async\" width=\"740\" height=\"111\" src=\"https:\/\/bahisforum.net\/wp-content\/uploads\/2025\/11\/100-HOSGELDIN-BONUSU.png\" class=\"attachment-large size-large wp-image-2355\" alt=\"\" srcset=\"https:\/\/bahisforum.net\/wp-content\/uploads\/2025\/11\/100-HOSGELDIN-BONUSU.png 740w, https:\/\/bahisforum.net\/wp-content\/uploads\/2025\/11\/100-HOSGELDIN-BONUSU-300x45.png 300w, https:\/\/bahisforum.net\/wp-content\/uploads\/2025\/11\/100-HOSGELDIN-BONUSU-600x90.png 600w\" sizes=\"(max-width: 740px) 100vw, 740px\" \/>\t\t\t\t\t\t\t\t<\/a>\n\t\t\t\t\t\t\t\t\t\t\t\t\t\t\t<\/div>\n\t\t\t\t<\/div>\n\t\t<div class=\"elementor-element elementor-element-c9db1dd e-con-full e-flex e-con e-child\" data-id=\"c9db1dd\" data-element_type=\"container\">\n\t\t\t\t<div class=\"elementor-element elementor-element-5a24525 elementor-widget elementor-widget-image\" data-id=\"5a24525\" data-element_type=\"widget\" data-widget_type=\"image.default\">\n\t\t\t\t\t\t\t\t\t\t\t\t\t\t\t<img decoding=\"async\" width=\"740\" height=\"111\" src=\"https:\/\/bahisforum.net\/wp-content\/uploads\/2025\/11\/100-HOSGELDIN-BONUSU-1.png\" class=\"attachment-large size-large wp-image-2356\" alt=\"\" srcset=\"https:\/\/bahisforum.net\/wp-content\/uploads\/2025\/11\/100-HOSGELDIN-BONUSU-1.png 740w, https:\/\/bahisforum.net\/wp-content\/uploads\/2025\/11\/100-HOSGELDIN-BONUSU-1-300x45.png 300w, https:\/\/bahisforum.net\/wp-content\/uploads\/2025\/11\/100-HOSGELDIN-BONUSU-1-600x90.png 600w\" sizes=\"(max-width: 740px) 100vw, 740px\" \/>\t\t\t\t\t\t\t\t\t\t\t\t\t\t\t<\/div>\n\t\t\t\t<\/div>\n\t\t\t\t\t<\/div>\n\t\t\t\t<\/div>\n\t\t<div class=\"elementor-element elementor-element-29496fc e-flex e-con-boxed e-con e-parent\" data-id=\"29496fc\" data-element_type=\"container\">\n\t\t\t\t\t<div class=\"e-con-inner\">\n\t\t<div class=\"elementor-element elementor-element-73e3ff9 e-con-full e-flex e-con e-child\" data-id=\"73e3ff9\" data-element_type=\"container\">\n\t\t\t\t<div class=\"elementor-element elementor-element-8c3749d elementor-widget elementor-widget-image\" data-id=\"8c3749d\" data-element_type=\"widget\" data-widget_type=\"image.default\">\n\t\t\t\t\t\t\t\t\t\t\t\t\t\t\t<img decoding=\"async\" width=\"740\" height=\"111\" src=\"https:\/\/bahisforum.net\/wp-content\/uploads\/2025\/11\/3.png\" class=\"attachment-large size-large wp-image-2357\" alt=\"\" srcset=\"https:\/\/bahisforum.net\/wp-content\/uploads\/2025\/11\/3.png 740w, https:\/\/bahisforum.net\/wp-content\/uploads\/2025\/11\/3-300x45.png 300w, https:\/\/bahisforum.net\/wp-content\/uploads\/2025\/11\/3-600x90.png 600w\" sizes=\"(max-width: 740px) 100vw, 740px\" \/>\t\t\t\t\t\t\t\t\t\t\t\t\t\t\t<\/div>\n\t\t\t\t<\/div>\n\t\t<div class=\"elementor-element elementor-element-8b78efa e-con-full e-flex e-con e-child\" data-id=\"8b78efa\" data-element_type=\"container\">\n\t\t\t\t<div class=\"elementor-element elementor-element-4efcb39 elementor-widget elementor-widget-image\" data-id=\"4efcb39\" data-element_type=\"widget\" data-widget_type=\"image.default\">\n\t\t\t\t\t\t\t\t\t\t\t\t\t\t\t<img loading=\"lazy\" decoding=\"async\" width=\"740\" height=\"111\" src=\"https:\/\/bahisforum.net\/wp-content\/uploads\/2025\/11\/4.png\" class=\"attachment-large size-large wp-image-2358\" alt=\"\" srcset=\"https:\/\/bahisforum.net\/wp-content\/uploads\/2025\/11\/4.png 740w, https:\/\/bahisforum.net\/wp-content\/uploads\/2025\/11\/4-300x45.png 300w, https:\/\/bahisforum.net\/wp-content\/uploads\/2025\/11\/4-600x90.png 600w\" sizes=\"(max-width: 740px) 100vw, 740px\" \/>\t\t\t\t\t\t\t\t\t\t\t\t\t\t\t<\/div>\n\t\t\t\t<\/div>\n\t\t\t\t\t<\/div>\n\t\t\t\t<\/div>\n\t\t<div class=\"elementor-element elementor-element-a385374 e-flex e-con-boxed e-con e-parent\" data-id=\"a385374\" data-element_type=\"container\">\n\t\t\t\t\t<div class=\"e-con-inner\">\n\t\t<div class=\"elementor-element elementor-element-6116a05 e-con-full e-flex e-con e-child\" data-id=\"6116a05\" data-element_type=\"container\">\n\t\t\t\t<div class=\"elementor-element elementor-element-0ea8d22 elementor-widget elementor-widget-image\" data-id=\"0ea8d22\" data-element_type=\"widget\" data-widget_type=\"image.default\">\n\t\t\t\t\t\t\t\t\t\t\t\t\t\t\t<img loading=\"lazy\" decoding=\"async\" width=\"740\" height=\"111\" src=\"https:\/\/bahisforum.net\/wp-content\/uploads\/2025\/11\/5.png\" class=\"attachment-large size-large wp-image-2362\" alt=\"\" srcset=\"https:\/\/bahisforum.net\/wp-content\/uploads\/2025\/11\/5.png 740w, https:\/\/bahisforum.net\/wp-content\/uploads\/2025\/11\/5-300x45.png 300w, https:\/\/bahisforum.net\/wp-content\/uploads\/2025\/11\/5-600x90.png 600w\" sizes=\"(max-width: 740px) 100vw, 740px\" \/>\t\t\t\t\t\t\t\t\t\t\t\t\t\t\t<\/div>\n\t\t\t\t<\/div>\n\t\t<div class=\"elementor-element elementor-element-e2d8584 e-con-full e-flex e-con e-child\" data-id=\"e2d8584\" data-element_type=\"container\">\n\t\t\t\t<div class=\"elementor-element elementor-element-12213a2 elementor-widget elementor-widget-image\" data-id=\"12213a2\" data-element_type=\"widget\" data-widget_type=\"image.default\">\n\t\t\t\t\t\t\t\t\t\t\t\t\t\t\t<img loading=\"lazy\" decoding=\"async\" width=\"740\" height=\"111\" src=\"https:\/\/bahisforum.net\/wp-content\/uploads\/2025\/11\/6.png\" class=\"attachment-large size-large wp-image-2363\" alt=\"\" srcset=\"https:\/\/bahisforum.net\/wp-content\/uploads\/2025\/11\/6.png 740w, https:\/\/bahisforum.net\/wp-content\/uploads\/2025\/11\/6-300x45.png 300w, https:\/\/bahisforum.net\/wp-content\/uploads\/2025\/11\/6-600x90.png 600w\" sizes=\"(max-width: 740px) 100vw, 740px\" \/>\t\t\t\t\t\t\t\t\t\t\t\t\t\t\t<\/div>\n\t\t\t\t<\/div>\n\t\t\t\t\t<\/div>\n\t\t\t\t<\/div>\n\t\t<div class=\"elementor-element elementor-element-6060bd2 e-flex e-con-boxed e-con e-parent\" data-id=\"6060bd2\" data-element_type=\"container\">\n\t\t\t\t\t<div class=\"e-con-inner\">\n\t\t<div class=\"elementor-element elementor-element-9e34a80 e-con-full e-flex e-con e-child\" data-id=\"9e34a80\" data-element_type=\"container\">\n\t\t\t\t<div class=\"elementor-element elementor-element-f3ea727 elementor-widget elementor-widget-image\" data-id=\"f3ea727\" data-element_type=\"widget\" data-widget_type=\"image.default\">\n\t\t\t\t\t\t\t\t\t\t\t\t\t\t\t<img loading=\"lazy\" decoding=\"async\" width=\"740\" height=\"111\" src=\"https:\/\/bahisforum.net\/wp-content\/uploads\/2025\/11\/7.png\" class=\"attachment-large size-large wp-image-2368\" alt=\"\" srcset=\"https:\/\/bahisforum.net\/wp-content\/uploads\/2025\/11\/7.png 740w, https:\/\/bahisforum.net\/wp-content\/uploads\/2025\/11\/7-300x45.png 300w, https:\/\/bahisforum.net\/wp-content\/uploads\/2025\/11\/7-600x90.png 600w\" sizes=\"(max-width: 740px) 100vw, 740px\" \/>\t\t\t\t\t\t\t\t\t\t\t\t\t\t\t<\/div>\n\t\t\t\t<\/div>\n\t\t<div class=\"elementor-element elementor-element-202ec5b e-con-full e-flex e-con e-child\" data-id=\"202ec5b\" data-element_type=\"container\">\n\t\t\t\t<div class=\"elementor-element elementor-element-5a5ac43 elementor-widget elementor-widget-image\" data-id=\"5a5ac43\" data-element_type=\"widget\" data-widget_type=\"image.default\">\n\t\t\t\t\t\t\t\t\t\t\t\t\t\t\t<img loading=\"lazy\" decoding=\"async\" width=\"740\" height=\"111\" src=\"https:\/\/bahisforum.net\/wp-content\/uploads\/2025\/11\/8.png\" class=\"attachment-large size-large wp-image-2369\" alt=\"\" srcset=\"https:\/\/bahisforum.net\/wp-content\/uploads\/2025\/11\/8.png 740w, https:\/\/bahisforum.net\/wp-content\/uploads\/2025\/11\/8-300x45.png 300w, https:\/\/bahisforum.net\/wp-content\/uploads\/2025\/11\/8-600x90.png 600w\" sizes=\"(max-width: 740px) 100vw, 740px\" \/>\t\t\t\t\t\t\t\t\t\t\t\t\t\t\t<\/div>\n\t\t\t\t<\/div>\n\t\t\t\t\t<\/div>\n\t\t\t\t<\/div>\n\t\t<div class=\"elementor-element elementor-element-5865d9a e-flex e-con-boxed e-con e-parent\" data-id=\"5865d9a\" data-element_type=\"container\">\n\t\t\t\t\t<div class=\"e-con-inner\">\n\t\t<div class=\"elementor-element elementor-element-94327e2 e-con-full e-flex e-con e-child\" data-id=\"94327e2\" data-element_type=\"container\">\n\t\t\t\t<div class=\"elementor-element elementor-element-79eae9c elementor-widget elementor-widget-image\" data-id=\"79eae9c\" data-element_type=\"widget\" data-widget_type=\"image.default\">\n\t\t\t\t\t\t\t\t\t\t\t\t\t\t\t<img loading=\"lazy\" decoding=\"async\" width=\"740\" height=\"111\" src=\"https:\/\/bahisforum.net\/wp-content\/uploads\/2025\/11\/9.png\" class=\"attachment-large size-large wp-image-2370\" alt=\"\" srcset=\"https:\/\/bahisforum.net\/wp-content\/uploads\/2025\/11\/9.png 740w, https:\/\/bahisforum.net\/wp-content\/uploads\/2025\/11\/9-300x45.png 300w, https:\/\/bahisforum.net\/wp-content\/uploads\/2025\/11\/9-600x90.png 600w\" sizes=\"(max-width: 740px) 100vw, 740px\" \/>\t\t\t\t\t\t\t\t\t\t\t\t\t\t\t<\/div>\n\t\t\t\t<\/div>\n\t\t<div class=\"elementor-element elementor-element-7ebe876 e-con-full e-flex e-con e-child\" data-id=\"7ebe876\" data-element_type=\"container\">\n\t\t\t\t<div class=\"elementor-element elementor-element-bcd5e94 elementor-widget elementor-widget-image\" data-id=\"bcd5e94\" data-element_type=\"widget\" data-widget_type=\"image.default\">\n\t\t\t\t\t\t\t\t\t\t\t\t\t\t\t<img loading=\"lazy\" decoding=\"async\" width=\"740\" height=\"111\" src=\"https:\/\/bahisforum.net\/wp-content\/uploads\/2025\/11\/10.png\" class=\"attachment-large size-large wp-image-2371\" alt=\"\" srcset=\"https:\/\/bahisforum.net\/wp-content\/uploads\/2025\/11\/10.png 740w, https:\/\/bahisforum.net\/wp-content\/uploads\/2025\/11\/10-300x45.png 300w, https:\/\/bahisforum.net\/wp-content\/uploads\/2025\/11\/10-600x90.png 600w\" sizes=\"(max-width: 740px) 100vw, 740px\" \/>\t\t\t\t\t\t\t\t\t\t\t\t\t\t\t<\/div>\n\t\t\t\t<\/div>\n\t\t\t\t\t<\/div>\n\t\t\t\t<\/div>\n\t\t<div class=\"elementor-element elementor-element-8637867 e-flex e-con-boxed e-con e-parent\" data-id=\"8637867\" data-element_type=\"container\">\n\t\t\t\t\t<div class=\"e-con-inner\">\n\t\t<div class=\"elementor-element elementor-element-f6ef952 e-con-full e-flex e-con e-child\" data-id=\"f6ef952\" data-element_type=\"container\">\n\t\t\t\t<div class=\"elementor-element elementor-element-836cc66 elementor-widget elementor-widget-image\" data-id=\"836cc66\" data-element_type=\"widget\" data-widget_type=\"image.default\">\n\t\t\t\t\t\t\t\t\t\t\t\t\t\t\t<img loading=\"lazy\" decoding=\"async\" width=\"740\" height=\"111\" src=\"https:\/\/bahisforum.net\/wp-content\/uploads\/2025\/11\/11.png\" class=\"attachment-large size-large wp-image-2372\" alt=\"\" srcset=\"https:\/\/bahisforum.net\/wp-content\/uploads\/2025\/11\/11.png 740w, https:\/\/bahisforum.net\/wp-content\/uploads\/2025\/11\/11-300x45.png 300w, https:\/\/bahisforum.net\/wp-content\/uploads\/2025\/11\/11-600x90.png 600w\" sizes=\"(max-width: 740px) 100vw, 740px\" \/>\t\t\t\t\t\t\t\t\t\t\t\t\t\t\t<\/div>\n\t\t\t\t<\/div>\n\t\t<div class=\"elementor-element elementor-element-ead2b33 e-con-full e-flex e-con e-child\" data-id=\"ead2b33\" data-element_type=\"container\">\n\t\t\t\t<div class=\"elementor-element elementor-element-be36300 elementor-widget elementor-widget-image\" data-id=\"be36300\" data-element_type=\"widget\" data-widget_type=\"image.default\">\n\t\t\t\t\t\t\t\t\t\t\t\t\t\t\t<img loading=\"lazy\" decoding=\"async\" width=\"740\" height=\"111\" src=\"https:\/\/bahisforum.net\/wp-content\/uploads\/2025\/11\/12.png\" class=\"attachment-large size-large wp-image-2373\" alt=\"\" srcset=\"https:\/\/bahisforum.net\/wp-content\/uploads\/2025\/11\/12.png 740w, https:\/\/bahisforum.net\/wp-content\/uploads\/2025\/11\/12-300x45.png 300w, https:\/\/bahisforum.net\/wp-content\/uploads\/2025\/11\/12-600x90.png 600w\" sizes=\"(max-width: 740px) 100vw, 740px\" \/>\t\t\t\t\t\t\t\t\t\t\t\t\t\t\t<\/div>\n\t\t\t\t<\/div>\n\t\t\t\t\t<\/div>\n\t\t\t\t<\/div>\n\t\t<div class=\"elementor-element elementor-element-e39746e e-flex e-con-boxed e-con e-parent\" data-id=\"e39746e\" data-element_type=\"container\">\n\t\t\t\t\t<div class=\"e-con-inner\">\n\t\t<div class=\"elementor-element elementor-element-24872b9 e-con-full e-flex e-con e-child\" data-id=\"24872b9\" data-element_type=\"container\">\n\t\t\t\t<div class=\"elementor-element elementor-element-982a745 elementor-widget elementor-widget-image\" data-id=\"982a745\" data-element_type=\"widget\" data-widget_type=\"image.default\">\n\t\t\t\t\t\t\t\t\t\t\t\t\t\t\t<img loading=\"lazy\" decoding=\"async\" width=\"740\" height=\"111\" src=\"https:\/\/bahisforum.net\/wp-content\/uploads\/2025\/11\/13.png\" class=\"attachment-large size-large wp-image-2374\" alt=\"\" srcset=\"https:\/\/bahisforum.net\/wp-content\/uploads\/2025\/11\/13.png 740w, https:\/\/bahisforum.net\/wp-content\/uploads\/2025\/11\/13-300x45.png 300w, https:\/\/bahisforum.net\/wp-content\/uploads\/2025\/11\/13-600x90.png 600w\" sizes=\"(max-width: 740px) 100vw, 740px\" \/>\t\t\t\t\t\t\t\t\t\t\t\t\t\t\t<\/div>\n\t\t\t\t<\/div>\n\t\t<div class=\"elementor-element elementor-element-e966b45 e-con-full e-flex e-con e-child\" data-id=\"e966b45\" data-element_type=\"container\">\n\t\t\t\t<div class=\"elementor-element elementor-element-8715e9e elementor-widget elementor-widget-image\" data-id=\"8715e9e\" data-element_type=\"widget\" data-widget_type=\"image.default\">\n\t\t\t\t\t\t\t\t\t\t\t\t\t\t\t<img loading=\"lazy\" decoding=\"async\" width=\"740\" height=\"111\" src=\"https:\/\/bahisforum.net\/wp-content\/uploads\/2025\/11\/14.png\" class=\"attachment-large size-large wp-image-2375\" alt=\"\" srcset=\"https:\/\/bahisforum.net\/wp-content\/uploads\/2025\/11\/14.png 740w, https:\/\/bahisforum.net\/wp-content\/uploads\/2025\/11\/14-300x45.png 300w, https:\/\/bahisforum.net\/wp-content\/uploads\/2025\/11\/14-600x90.png 600w\" sizes=\"(max-width: 740px) 100vw, 740px\" \/>\t\t\t\t\t\t\t\t\t\t\t\t\t\t\t<\/div>\n\t\t\t\t<\/div>\n\t\t\t\t\t<\/div>\n\t\t\t\t<\/div>\n\t\t<div class=\"elementor-element elementor-element-76ae958 e-flex e-con-boxed e-con e-parent\" data-id=\"76ae958\" data-element_type=\"container\">\n\t\t\t\t\t<div class=\"e-con-inner\">\n\t\t<div class=\"elementor-element elementor-element-df2f8bb e-con-full e-flex e-con e-child\" data-id=\"df2f8bb\" data-element_type=\"container\">\n\t\t\t\t<div class=\"elementor-element elementor-element-f611b9f elementor-widget elementor-widget-image\" data-id=\"f611b9f\" data-element_type=\"widget\" data-widget_type=\"image.default\">\n\t\t\t\t\t\t\t\t\t\t\t\t\t\t\t<img loading=\"lazy\" decoding=\"async\" width=\"740\" height=\"111\" src=\"https:\/\/bahisforum.net\/wp-content\/uploads\/2025\/11\/15.png\" class=\"attachment-large size-large wp-image-2376\" alt=\"\" srcset=\"https:\/\/bahisforum.net\/wp-content\/uploads\/2025\/11\/15.png 740w, https:\/\/bahisforum.net\/wp-content\/uploads\/2025\/11\/15-300x45.png 300w, https:\/\/bahisforum.net\/wp-content\/uploads\/2025\/11\/15-600x90.png 600w\" sizes=\"(max-width: 740px) 100vw, 740px\" \/>\t\t\t\t\t\t\t\t\t\t\t\t\t\t\t<\/div>\n\t\t\t\t<\/div>\n\t\t<div class=\"elementor-element elementor-element-4024bbd e-con-full e-flex e-con e-child\" data-id=\"4024bbd\" data-element_type=\"container\">\n\t\t\t\t<div class=\"elementor-element elementor-element-88defbb elementor-widget elementor-widget-image\" data-id=\"88defbb\" data-element_type=\"widget\" data-widget_type=\"image.default\">\n\t\t\t\t\t\t\t\t\t\t\t\t\t\t\t<img loading=\"lazy\" decoding=\"async\" width=\"740\" height=\"111\" src=\"https:\/\/bahisforum.net\/wp-content\/uploads\/2025\/11\/16.png\" class=\"attachment-large size-large wp-image-2380\" alt=\"\" srcset=\"https:\/\/bahisforum.net\/wp-content\/uploads\/2025\/11\/16.png 740w, https:\/\/bahisforum.net\/wp-content\/uploads\/2025\/11\/16-300x45.png 300w, https:\/\/bahisforum.net\/wp-content\/uploads\/2025\/11\/16-600x90.png 600w\" sizes=\"(max-width: 740px) 100vw, 740px\" \/>\t\t\t\t\t\t\t\t\t\t\t\t\t\t\t<\/div>\n\t\t\t\t<\/div>\n\t\t\t\t\t<\/div>\n\t\t\t\t<\/div>\n\t\t<div class=\"elementor-element elementor-element-3ee0a7c e-flex e-con-boxed e-con e-parent\" data-id=\"3ee0a7c\" data-element_type=\"container\">\n\t\t\t\t\t<div class=\"e-con-inner\">\n\t\t<div class=\"elementor-element elementor-element-3da9af0 e-con-full e-flex e-con e-child\" data-id=\"3da9af0\" data-element_type=\"container\">\n\t\t\t\t<div class=\"elementor-element elementor-element-c1bd88d elementor-widget elementor-widget-image\" data-id=\"c1bd88d\" data-element_type=\"widget\" data-widget_type=\"image.default\">\n\t\t\t\t\t\t\t\t\t\t\t\t\t\t\t<img loading=\"lazy\" decoding=\"async\" width=\"740\" height=\"111\" src=\"https:\/\/bahisforum.net\/wp-content\/uploads\/2025\/11\/17.png\" class=\"attachment-large size-large wp-image-2381\" alt=\"\" srcset=\"https:\/\/bahisforum.net\/wp-content\/uploads\/2025\/11\/17.png 740w, https:\/\/bahisforum.net\/wp-content\/uploads\/2025\/11\/17-300x45.png 300w, https:\/\/bahisforum.net\/wp-content\/uploads\/2025\/11\/17-600x90.png 600w\" sizes=\"(max-width: 740px) 100vw, 740px\" \/>\t\t\t\t\t\t\t\t\t\t\t\t\t\t\t<\/div>\n\t\t\t\t<\/div>\n\t\t<div class=\"elementor-element elementor-element-aa70255 e-con-full e-flex e-con e-child\" data-id=\"aa70255\" data-element_type=\"container\">\n\t\t\t\t<div class=\"elementor-element elementor-element-784da26 elementor-widget elementor-widget-image\" data-id=\"784da26\" data-element_type=\"widget\" data-widget_type=\"image.default\">\n\t\t\t\t\t\t\t\t\t\t\t\t\t\t\t<img loading=\"lazy\" decoding=\"async\" width=\"740\" height=\"111\" src=\"https:\/\/bahisforum.net\/wp-content\/uploads\/2025\/11\/18.png\" class=\"attachment-large size-large wp-image-2382\" alt=\"\" srcset=\"https:\/\/bahisforum.net\/wp-content\/uploads\/2025\/11\/18.png 740w, https:\/\/bahisforum.net\/wp-content\/uploads\/2025\/11\/18-300x45.png 300w, https:\/\/bahisforum.net\/wp-content\/uploads\/2025\/11\/18-600x90.png 600w\" sizes=\"(max-width: 740px) 100vw, 740px\" \/>\t\t\t\t\t\t\t\t\t\t\t\t\t\t\t<\/div>\n\t\t\t\t<\/div>\n\t\t\t\t\t<\/div>\n\t\t\t\t<\/div>\n\t\t<div class=\"elementor-element elementor-element-04d382d e-flex e-con-boxed e-con e-parent\" data-id=\"04d382d\" data-element_type=\"container\">\n\t\t\t\t\t<div class=\"e-con-inner\">\n\t\t\t\t<div class=\"elementor-element elementor-element-d279736 elementor-widget elementor-widget-image\" data-id=\"d279736\" data-element_type=\"widget\" data-widget_type=\"image.default\">\n\t\t\t\t\t\t\t\t\t\t\t\t\t\t\t<img loading=\"lazy\" decoding=\"async\" width=\"740\" height=\"111\" src=\"https:\/\/bahisforum.net\/wp-content\/uploads\/2025\/11\/100-HOSGELDIN-BONUSU-2.png\" class=\"attachment-large size-large wp-image-2383\" alt=\"\" srcset=\"https:\/\/bahisforum.net\/wp-content\/uploads\/2025\/11\/100-HOSGELDIN-BONUSU-2.png 740w, https:\/\/bahisforum.net\/wp-content\/uploads\/2025\/11\/100-HOSGELDIN-BONUSU-2-300x45.png 300w, https:\/\/bahisforum.net\/wp-content\/uploads\/2025\/11\/100-HOSGELDIN-BONUSU-2-600x90.png 600w\" sizes=\"(max-width: 740px) 100vw, 740px\" \/>\t\t\t\t\t\t\t\t\t\t\t\t\t\t\t<\/div>\n\t\t\t\t\t<\/div>\n\t\t\t\t<\/div>\n\t\t\t\t<\/div>\n\t\t","protected":false},"excerpt":{"rendered":"<p>Salamis Bahis Resmi sponsor En \u00e7ok kazand\u0131ran bahis sitesi G\u00fcncel adres<\/p>\n","protected":false},"author":1,"featured_media":0,"parent":0,"menu_order":0,"comment_status":"closed","ping_status":"closed","template":"elementor_header_footer","meta":{"om_disable_all_campaigns":false,"inline_featured_image":false,"_monsterinsights_skip_tracking":false,"_monsterinsights_sitenote_active":false,"_monsterinsights_sitenote_note":"","_monsterinsights_sitenote_category":0,"footnotes":""},"class_list":["post-2319","page","type-page","status-publish","hentry"],"aioseo_notices":[],"jetpack_sharing_enabled":true,"_links":{"self":[{"href":"https:\/\/bahisforum.net\/index.php?rest_route=\/wp\/v2\/pages\/2319","targetHints":{"allow":["GET"]}}],"collection":[{"href":"https:\/\/bahisforum.net\/index.php?rest_route=\/wp\/v2\/pages"}],"about":[{"href":"https:\/\/bahisforum.net\/index.php?rest_route=\/wp\/v2\/types\/page"}],"author":[{"embeddable":true,"href":"https:\/\/bahisforum.net\/index.php?rest_route=\/wp\/v2\/users\/1"}],"replies":[{"embeddable":true,"href":"https:\/\/bahisforum.net\/index.php?rest_route=%2Fwp%2Fv2%2Fcomments&post=2319"}],"version-history":[{"count":5,"href":"https:\/\/bahisforum.net\/index.php?rest_route=\/wp\/v2\/pages\/2319\/revisions"}],"predecessor-version":[{"id":2428,"href":"https:\/\/bahisforum.net\/index.php?rest_route=\/wp\/v2\/pages\/2319\/revisions\/2428"}],"wp:attachment":[{"href":"https:\/\/bahisforum.net\/index.php?rest_route=%2Fwp%2Fv2%2Fmedia&parent=2319"}],"curies":[{"name":"wp","href":"https:\/\/api.w.org\/{rel}","templated":true}]}}